{"id":13,"date":"2022-04-05T20:38:12","date_gmt":"2022-04-05T20:38:12","guid":{"rendered":"http:\/\/132.247.162.122\/ct\/?page_id=13"},"modified":"2026-04-30T23:45:07","modified_gmt":"2026-04-30T23:45:07","slug":"inicio","status":"publish","type":"page","link":"https:\/\/consejo.facmed.unam.mx\/","title":{"rendered":"Inicio"},"content":{"rendered":"<p>[et_pb_section fb_built=\u00bb1&#8243; fullwidth=\u00bbon\u00bb _builder_version=\u00bb4.24.0&#8243; _module_preset=\u00bbdefault\u00bb global_colors_info=\u00bb{}\u00bb][et_pb_fullwidth_slider arrows_custom_color=\u00bb#000000&#8243; dot_nav_custom_color=\u00bb#000000&#8243; _builder_version=\u00bb4.27.6&#8243; _module_preset=\u00bbdefault\u00bb min_height=\u00bb261.8px\u00bb custom_padding=\u00bb104px||66px|||\u00bb auto=\u00bbon\u00bb scroll_fade_enable=\u00bbon\u00bb hover_enabled=\u00bb0&#8243; global_colors_info=\u00bb{}\u00bb sticky_enabled=\u00bb0&#8243;][et_pb_slide heading=\u00bbInforme Anual de Actividades\u00bb button_text=\u00bbIr al sitio\u00bb button_link=\u00bbhttps:\/\/sintefm.facmed.unam.mx\/\u00bb url_new_window=\u00bbon\u00bb _builder_version=\u00bb4.27.5&#8243; _module_preset=\u00bbdefault\u00bb header_font=\u00bb|700|||||||\u00bb header_text_color=\u00bb#ffffff\u00bb body_font=\u00bb|700|||||||\u00bb body_text_color=\u00bb#ffffff\u00bb body_font_size=\u00bb21px\u00bb body_letter_spacing=\u00bb2px\u00bb body_line_height=\u00bb1.9em\u00bb background_color=\u00bb#d59f0f\u00bb background_enable_color=\u00bbon\u00bb custom_button=\u00bbon\u00bb button_text_size=\u00bb28px\u00bb button_font=\u00bb|800|||||||\u00bb button_icon=\u00bb&#x39;||divi||400&#8243; global_colors_info=\u00bb{}\u00bb sticky_transition=\u00bbon\u00bb][\/et_pb_slide][et_pb_slide heading=\u00bbSistema de Movimientos Acad\u00e9micos\u00bb button_text=\u00bbIngrese aqu\u00ed\u00bb button_link=\u00bbhttp:\/\/132.247.162.41\/consejo2\/movimientosFT\/index.php\u00bb url_new_window=\u00bbon\u00bb image=\u00bbhttp:\/\/consejo.facmed.unam.mx\/wp-content\/uploads\/2024\/02\/academicos.png\u00bb _builder_version=\u00bb4.27.5&#8243; _module_preset=\u00bbdefault\u00bb header_font=\u00bb|700|||||||\u00bb header_text_color=\u00bb#ffffff\u00bb body_font=\u00bb|700|||||||\u00bb body_text_color=\u00bb#ffffff\u00bb body_font_size=\u00bb21px\u00bb body_letter_spacing=\u00bb2px\u00bb body_line_height=\u00bb1.9em\u00bb background_color=\u00bb#d59f0f\u00bb background_enable_color=\u00bbon\u00bb global_colors_info=\u00bb{}\u00bb sticky_transition=\u00bbon\u00bb]<\/p>\n<p>Facultad de Medicina<\/p>\n<p>UNAM<\/p>\n<p>[\/et_pb_slide][et_pb_slide heading=\u00bbSistema de Movimientos Adscripci\u00f3n\u00bb button_text=\u00bbIngrese aqu\u00ed\u00bb button_link=\u00bbhttp:\/\/132.247.162.41\/adscripcion\u00bb url_new_window=\u00bbon\u00bb image=\u00bbhttp:\/\/consejo.facmed.unam.mx\/wp-content\/uploads\/2024\/02\/adscripcion.png\u00bb _builder_version=\u00bb4.27.5&#8243; _module_preset=\u00bbdefault\u00bb header_font=\u00bb|700|||||||\u00bb header_text_color=\u00bb#ffffff\u00bb body_font=\u00bb|700|||||||\u00bb body_text_color=\u00bb#ffffff\u00bb body_font_size=\u00bb21px\u00bb body_letter_spacing=\u00bb2px\u00bb body_line_height=\u00bb1.9em\u00bb background_color=\u00bb#d59f0f\u00bb background_enable_color=\u00bbon\u00bb global_colors_info=\u00bb{}\u00bb sticky_transition=\u00bbon\u00bb]<\/p>\n<p>Facultad de Medicina<\/p>\n<p>UNAM<\/p>\n<p>[\/et_pb_slide][et_pb_slide _builder_version=\u00bb4.27.4&#8243; _module_preset=\u00bbdefault\u00bb background_color=\u00bb#d59f0f\u00bb background_enable_color=\u00bbon\u00bb background_image=\u00bbhttp:\/\/consejo.facmed.unam.mx\/wp-content\/uploads\/2023\/10\/logosct-copia.png\u00bb background_enable_image=\u00bbon\u00bb background_size=\u00bbcontain\u00bb global_colors_info=\u00bb{}\u00bb sticky_transition=\u00bbon\u00bb][\/et_pb_slide][\/et_pb_fullwidth_slider][\/et_pb_section][et_pb_section fb_built=\u00bb1&#8243; _builder_version=\u00bb4.27.5&#8243; _module_preset=\u00bbdefault\u00bb custom_padding=\u00bb38px||0px|||\u00bb global_colors_info=\u00bb{}\u00bb][et_pb_row column_structure=\u00bb1_5,1_5,1_5,1_5,1_5&#8243; _builder_version=\u00bb4.27.5&#8243; _module_preset=\u00bbdefault\u00bb custom_padding=\u00bb0px||3px|0px||\u00bb global_colors_info=\u00bb{}\u00bb][et_pb_column type=\u00bb1_5&#8243; _builder_version=\u00bb4.27.5&#8243; _module_preset=\u00bbdefault\u00bb global_colors_info=\u00bb{}\u00bb][et_pb_icon font_icon=\u00bb&#xf058;||fa||900&#8243; icon_color=\u00bb#053967&#8243; url=\u00bb@ET-DC@eyJkeW5hbWljIjp0cnVlLCJjb250ZW50IjoicG9zdF9saW5rX3VybF9wYWdlIiwic2V0dGluZ3MiOnsicG9zdF9pZCI6IjI2Mjg3NiJ9fQ==@\u00bb url_new_window=\u00bbon\u00bb _builder_version=\u00bb4.27.5&#8243; _dynamic_attributes=\u00bburl\u00bb _module_preset=\u00bbdefault\u00bb background_color=\u00bb#cea251&#8243; custom_margin=\u00bb0px||||false|false\u00bb border_radii=\u00bbon|10px|10px|10px|10px\u00bb global_colors_info=\u00bb{}\u00bb][\/et_pb_icon][\/et_pb_column][et_pb_column type=\u00bb1_5&#8243; _builder_version=\u00bb4.27.5&#8243; _module_preset=\u00bbdefault\u00bb global_colors_info=\u00bb{}\u00bb][et_pb_icon font_icon=\u00bb&#xe006;||divi||400&#8243; icon_color=\u00bb#053967&#8243; url=\u00bb@ET-DC@eyJkeW5hbWljIjp0cnVlLCJjb250ZW50IjoicG9zdF9saW5rX3VybF9wYWdlIiwic2V0dGluZ3MiOnsicG9zdF9pZCI6IjI2MjgzNSJ9fQ==@\u00bb url_new_window=\u00bbon\u00bb _builder_version=\u00bb4.27.5&#8243; _dynamic_attributes=\u00bburl\u00bb _module_preset=\u00bbdefault\u00bb background_color=\u00bb#cea251&#8243; custom_padding=\u00bb|1px||||\u00bb border_radii=\u00bbon|10px|10px|10px|10px\u00bb global_colors_info=\u00bb{}\u00bb][\/et_pb_icon][\/et_pb_column][et_pb_column type=\u00bb1_5&#8243; _builder_version=\u00bb4.27.5&#8243; _module_preset=\u00bbdefault\u00bb global_colors_info=\u00bb{}\u00bb][et_pb_icon font_icon=\u00bb&#xf073;||fa||900&#8243; icon_color=\u00bb#053967&#8243; url=\u00bb@ET-DC@eyJkeW5hbWljIjp0cnVlLCJjb250ZW50IjoicG9zdF9saW5rX3VybF9wYWdlIiwic2V0dGluZ3MiOnsicG9zdF9pZCI6IjI2Mjg0MCJ9fQ==@\u00bb url_new_window=\u00bbon\u00bb _builder_version=\u00bb4.27.5&#8243; _dynamic_attributes=\u00bburl\u00bb _module_preset=\u00bbdefault\u00bb background_color=\u00bb#cea251&#8243; custom_padding=\u00bb|||0px||\u00bb border_radii=\u00bbon|10px|10px|10px|10px\u00bb global_colors_info=\u00bb{}\u00bb][\/et_pb_icon][\/et_pb_column][et_pb_column type=\u00bb1_5&#8243; _builder_version=\u00bb4.27.5&#8243; _module_preset=\u00bbdefault\u00bb global_colors_info=\u00bb{}\u00bb][et_pb_icon font_icon=\u00bb&#xe059;||divi||400&#8243; icon_color=\u00bb#053967&#8243; url=\u00bb@ET-DC@eyJkeW5hbWljIjp0cnVlLCJjb250ZW50IjoicG9zdF9saW5rX3VybF9wYWdlIiwic2V0dGluZ3MiOnsicG9zdF9pZCI6IjI2Mjg3MiJ9fQ==@\u00bb url_new_window=\u00bbon\u00bb _builder_version=\u00bb4.27.5&#8243; _dynamic_attributes=\u00bburl\u00bb _module_preset=\u00bbdefault\u00bb background_color=\u00bb#cea251&#8243; border_radii=\u00bbon|10px|10px|10px|10px\u00bb global_colors_info=\u00bb{}\u00bb][\/et_pb_icon][\/et_pb_column][et_pb_column type=\u00bb1_5&#8243; _builder_version=\u00bb4.27.5&#8243; _module_preset=\u00bbdefault\u00bb global_colors_info=\u00bb{}\u00bb][et_pb_icon font_icon=\u00bb&#xf2b5;||fa||400&#8243; icon_color=\u00bb#cea251&#8243; url=\u00bb@ET-DC@eyJkeW5hbWljIjp0cnVlLCJjb250ZW50IjoicG9zdF9saW5rX3VybF9wYWdlIiwic2V0dGluZ3MiOnsicG9zdF9pZCI6IjI2NTE2NCJ9fQ==@\u00bb url_new_window=\u00bbon\u00bb _builder_version=\u00bb4.27.5&#8243; _dynamic_attributes=\u00bburl\u00bb _module_preset=\u00bbdefault\u00bb background_color=\u00bb#053967&#8243; custom_padding=\u00bb|0px||0px||\u00bb border_radii=\u00bbon|10px|10px|10px|10px\u00bb global_colors_info=\u00bb{}\u00bb][\/et_pb_icon][\/et_pb_column][\/et_pb_row][et_pb_row column_structure=\u00bb1_5,1_5,1_5,1_5,1_5&#8243; _builder_version=\u00bb4.27.5&#8243; _module_preset=\u00bbdefault\u00bb custom_padding=\u00bb0px|65px|4px|40px||false\u00bb global_colors_info=\u00bb{}\u00bb][et_pb_column type=\u00bb1_5&#8243; _builder_version=\u00bb4.27.5&#8243; _module_preset=\u00bbdefault\u00bb global_colors_info=\u00bb{}\u00bb][et_pb_text _builder_version=\u00bb4.27.5&#8243; _dynamic_attributes=\u00bblink_option_url\u00bb _module_preset=\u00bbdefault\u00bb text_text_color=\u00bb#053967&#8243; link_option_url=\u00bb@ET-DC@eyJkeW5hbWljIjp0cnVlLCJjb250ZW50IjoicG9zdF9saW5rX3VybF9wYWdlIiwic2V0dGluZ3MiOnsicG9zdF9pZCI6IjI2Mjg3NiJ9fQ==@\u00bb link_option_url_new_window=\u00bbon\u00bb global_colors_info=\u00bb{}\u00bb]<\/p>\n<p><strong>Normatividad<\/strong><\/p>\n<p>[\/et_pb_text][\/et_pb_column][et_pb_column type=\u00bb1_5&#8243; _builder_version=\u00bb4.27.5&#8243; _module_preset=\u00bbdefault\u00bb global_colors_info=\u00bb{}\u00bb][et_pb_text _builder_version=\u00bb4.27.5&#8243; _dynamic_attributes=\u00bblink_option_url\u00bb _module_preset=\u00bbdefault\u00bb text_text_color=\u00bb#053967&#8243; width=\u00bb78.3%\u00bb custom_margin=\u00bb|||4px||\u00bb link_option_url=\u00bb@ET-DC@eyJkeW5hbWljIjp0cnVlLCJjb250ZW50IjoicG9zdF9saW5rX3VybF9wYWdlIiwic2V0dGluZ3MiOnsicG9zdF9pZCI6IjI2MjgzNSJ9fQ==@\u00bb global_colors_info=\u00bb{}\u00bb]<\/p>\n<p><strong>Presentaciones<\/strong><\/p>\n<p>[\/et_pb_text][\/et_pb_column][et_pb_column type=\u00bb1_5&#8243; _builder_version=\u00bb4.27.5&#8243; _module_preset=\u00bbdefault\u00bb global_colors_info=\u00bb{}\u00bb][et_pb_text _builder_version=\u00bb4.27.5&#8243; _dynamic_attributes=\u00bblink_option_url\u00bb _module_preset=\u00bbdefault\u00bb text_text_color=\u00bb#053967&#8243; custom_margin=\u00bb|||41px||\u00bb link_option_url=\u00bb@ET-DC@eyJkeW5hbWljIjp0cnVlLCJjb250ZW50IjoicG9zdF9saW5rX3VybF9wYWdlIiwic2V0dGluZ3MiOnsicG9zdF9pZCI6IjI2Mjg0MCJ9fQ==@\u00bb link_option_url_new_window=\u00bbon\u00bb global_colors_info=\u00bb{}\u00bb]<\/p>\n<p><strong>Sesiones C.T.<\/strong><\/p>\n<p>[\/et_pb_text][\/et_pb_column][et_pb_column type=\u00bb1_5&#8243; _builder_version=\u00bb4.27.5&#8243; _module_preset=\u00bbdefault\u00bb global_colors_info=\u00bb{}\u00bb][et_pb_text _builder_version=\u00bb4.27.5&#8243; _dynamic_attributes=\u00bblink_option_url\u00bb _module_preset=\u00bbdefault\u00bb text_text_color=\u00bb#053967&#8243; custom_margin=\u00bb|||73px||\u00bb link_option_url=\u00bb@ET-DC@eyJkeW5hbWljIjp0cnVlLCJjb250ZW50IjoicG9zdF9saW5rX3VybF9wYWdlIiwic2V0dGluZ3MiOnsicG9zdF9pZCI6IjI2Mjg3MiJ9fQ==@\u00bb link_option_url_new_window=\u00bbon\u00bb global_colors_info=\u00bb{}\u00bb]<\/p>\n<p><strong>Minutas<\/strong><\/p>\n<p>[\/et_pb_text][\/et_pb_column][et_pb_column type=\u00bb1_5&#8243; _builder_version=\u00bb4.27.5&#8243; _module_preset=\u00bbdefault\u00bb global_colors_info=\u00bb{}\u00bb][et_pb_text _builder_version=\u00bb4.27.6&#8243; _dynamic_attributes=\u00bblink_option_url\u00bb _module_preset=\u00bbdefault\u00bb text_text_color=\u00bb#053967&#8243; width=\u00bb55.5%\u00bb custom_margin=\u00bb|||73px||\u00bb link_option_url=\u00bb@ET-DC@eyJkeW5hbWljIjp0cnVlLCJjb250ZW50IjoicG9zdF9saW5rX3VybF9wYWdlIiwic2V0dGluZ3MiOnsicG9zdF9pZCI6IjI2NTE2NCJ9fQ==@\u00bb link_option_url_new_window=\u00bbon\u00bb global_colors_info=\u00bb{}\u00bb]<\/p>\n<p><strong>Acuerdos<\/strong><\/p>\n<p>[\/et_pb_text][\/et_pb_column][\/et_pb_row][\/et_pb_section][et_pb_section fb_built=\u00bb1&#8243; _builder_version=\u00bb4.27.6&#8243; _module_preset=\u00bbdefault\u00bb custom_padding=\u00bb0px|||||\u00bb global_colors_info=\u00bb{}\u00bb][\/et_pb_section][et_pb_section fb_built=\u00bb1&#8243; prev_background_color=\u00bb#ffffff\u00bb _builder_version=\u00bb4.16&#8243; _module_preset=\u00bbdefault\u00bb background_color=\u00bb#002D5E\u00bb min_height=\u00bb155.6px\u00bb custom_margin=\u00bb-64px||-1px||false|false\u00bb custom_padding=\u00bb104px||32px|||\u00bb top_divider_style=\u00bbwave2&#8243; top_divider_height=\u00bb50px\u00bb bottom_divider_color=\u00bb#002D5E\u00bb bottom_divider_height=\u00bb50px\u00bb global_colors_info=\u00bb{}\u00bb][et_pb_row _builder_version=\u00bb4.16&#8243; _module_preset=\u00bbdefault\u00bb global_colors_info=\u00bb{}\u00bb][et_pb_column type=\u00bb4_4&#8243; _builder_version=\u00bb4.16&#8243; _module_preset=\u00bbdefault\u00bb global_colors_info=\u00bb{}\u00bb][et_pb_text _builder_version=\u00bb4.27.6&#8243; _module_preset=\u00bbdefault\u00bb text_font=\u00bbMontserrat||||||||\u00bb text_text_color=\u00bb#D6D3D3&#8243; header_text_color=\u00bb#e09900&#8243; header_2_font=\u00bbMontserrat||||||||\u00bb header_3_font=\u00bbMontserrat||||||||\u00bb header_4_font=\u00bbMontserrat||||||||\u00bb background_color=\u00bbRGBA(255,255,255,0)\u00bb text_orientation=\u00bbjustified\u00bb background_layout=\u00bbdark\u00bb global_colors_info=\u00bb{}\u00bb]<\/p>\n<h2 style=\"text-align: center;\"><strong><span style=\"color: #ffffff;\">Consejo T\u00e9cnico<\/span><\/strong><\/h2>\n<h3><\/h3>\n<h3><strong><span style=\"color: #ffffff;\">Objetivo<\/span><\/strong><\/h3>\n<p style=\"text-align: justify;\"><strong><span style=\"color: #ffffff;\">Proporcionar el apoyo t\u00e9cnico y log\u00edstico necesarios al Consejo T\u00e9cnico de la Facultad de Medicina y sus \u00f3rganos auxiliares, para contribuir en el cumplimiento operativo de las atribuciones que la legislaci\u00f3n universitaria le confiere.<\/span><\/strong><\/p>\n<p>[\/et_pb_text][\/et_pb_column][\/et_pb_row][\/et_pb_section][et_pb_section fb_built=\u00bb1&#8243; prev_background_color=\u00bb#002D5E\u00bb _builder_version=\u00bb4.16&#8243; _module_preset=\u00bbdefault\u00bb background_color=\u00bbrgba(214,211,211,0.57)\u00bb background_image=\u00bbhttp:\/\/132.247.162.122\/ct\/wp-content\/uploads\/2022\/04\/unam-biblioteca-central20.png\u00bb parallax=\u00bbon\u00bb custom_margin=\u00bb-1px|||||\u00bb custom_padding=\u00bb33px||11px|||\u00bb top_divider_style=\u00bbwave2&#8243; top_divider_height=\u00bb24px\u00bb bottom_divider_style=\u00bbwave2&#8243; bottom_divider_color=\u00bb#002D5E\u00bb bottom_divider_height=\u00bb50px\u00bb global_colors_info=\u00bb{}\u00bb][et_pb_row _builder_version=\u00bb4.16.1&#8243; _module_preset=\u00bbdefault\u00bb global_colors_info=\u00bb{}\u00bb][et_pb_column type=\u00bb4_4&#8243; _builder_version=\u00bb4.16.1&#8243; _module_preset=\u00bbdefault\u00bb global_colors_info=\u00bb{}\u00bb][et_pb_text _builder_version=\u00bb4.27.6&#8243; _module_preset=\u00bbdefault\u00bb global_colors_info=\u00bb{}\u00bb]<\/p>\n<h2 style=\"text-align: center;\"><strong><\/strong><\/h2>\n<h2 style=\"text-align: center;\"><strong><\/strong><\/h2>\n<h2 style=\"text-align: center;\"><span style=\"color: #000000;\"><strong>Facultad de Medicina.<\/strong><\/span><\/h2>\n<h3 style=\"padding-left: 40px;\"><span style=\"color: #000000;\"><strong>Misi\u00f3n.<\/strong><\/span><\/h3>\n<h4 style=\"padding-left: 40px; text-align: justify;\"><span style=\"color: #000000;\"><strong>La Facultad de Medicina de la Universidad Nacional Aut\u00f3noma de M\u00e9xico es una instituci\u00f3n p\u00fablica que forma profesionales altamente calificados, \u00e9ticos, cr\u00edticos y humanistas, capaces de investigar y difundir el conocimiento para la soluci\u00f3n de problemas en salud y otras \u00e1reas cient\u00edficas en beneficio del ser humano y la naci\u00f3n.<\/strong><\/span><\/h4>\n<p><span style=\"color: #000000;\"><strong>\u00a0<\/strong><\/span><\/p>\n<p><span style=\"color: #000000;\"><strong>\u00a0<\/strong><\/span><\/p>\n<h3 style=\"padding-left: 40px;\"><span style=\"color: #000000;\"><strong>Visi\u00f3n.<\/strong><\/span><\/h3>\n<h4 style=\"padding-left: 40px; text-align: justify;\"><span style=\"color: #000000;\"><strong>Estar a la vanguardia para ejercer el liderazgo en educaci\u00f3n, investigaci\u00f3n y difusi\u00f3n en salud y otras \u00e1reas cient\u00edficas en beneficio del ser humano y de la naci\u00f3n.<\/strong><\/span><\/h4>\n<p><span style=\"color: #000000;\"><strong>\u00a0<\/strong><\/span><\/p>\n<p><span style=\"color: #000000;\"><strong>\u00a0<\/strong><\/span><\/p>\n<p>[\/et_pb_text][\/et_pb_column][\/et_pb_row][\/et_pb_section]<\/p>\n","protected":false},"excerpt":{"rendered":"<p>Facultad de Medicina UNAMFacultad de Medicina UNAMNormatividadPresentacionesSesiones C.T.MinutasAcuerdosConsejo T\u00e9cnico Objetivo Proporcionar el apoyo t\u00e9cnico y log\u00edstico necesarios al Consejo T\u00e9cnico de la Facultad de Medicina y sus \u00f3rganos auxiliares, para contribuir en el cumplimiento operativo de las atribuciones que la legislaci\u00f3n universitaria le confiere. Facultad de Medicina. Misi\u00f3n. La Facultad de Medicina de la Universidad [&hellip;]<\/p>\n","protected":false},"author":1,"featured_media":0,"parent":0,"menu_order":0,"comment_status":"closed","ping_status":"closed","template":"","meta":{"_et_pb_use_builder":"on","_et_pb_old_content":"<!-- wp:divi\/placeholder \/-->","_et_gb_content_width":"","footnotes":""},"class_list":["post-13","page","type-page","status-publish","hentry"],"_links":{"self":[{"href":"https:\/\/consejo.facmed.unam.mx\/index.php?rest_route=\/wp\/v2\/pages\/13","targetHints":{"allow":["GET"]}}],"collection":[{"href":"https:\/\/consejo.facmed.unam.mx\/index.php?rest_route=\/wp\/v2\/pages"}],"about":[{"href":"https:\/\/consejo.facmed.unam.mx\/index.php?rest_route=\/wp\/v2\/types\/page"}],"author":[{"embeddable":true,"href":"https:\/\/consejo.facmed.unam.mx\/index.php?rest_route=\/wp\/v2\/users\/1"}],"replies":[{"embeddable":true,"href":"https:\/\/consejo.facmed.unam.mx\/index.php?rest_route=%2Fwp%2Fv2%2Fcomments&post=13"}],"version-history":[{"count":305,"href":"https:\/\/consejo.facmed.unam.mx\/index.php?rest_route=\/wp\/v2\/pages\/13\/revisions"}],"predecessor-version":[{"id":265380,"href":"https:\/\/consejo.facmed.unam.mx\/index.php?rest_route=\/wp\/v2\/pages\/13\/revisions\/265380"}],"wp:attachment":[{"href":"https:\/\/consejo.facmed.unam.mx\/index.php?rest_route=%2Fwp%2Fv2%2Fmedia&parent=13"}],"curies":[{"name":"wp","href":"https:\/\/api.w.org\/{rel}","templated":true}]}}